{"id":60,"date":"2023-05-04T18:40:07","date_gmt":"2023-05-04T17:40:07","guid":{"rendered":"https:\/\/emgruppen.com\/?page_id=60"},"modified":"2024-10-05T17:19:06","modified_gmt":"2024-10-05T16:19:06","slug":"about","status":"publish","type":"page","link":"https:\/\/emgruppen.com\/index.php\/about\/","title":{"rendered":"About"},"content":{"rendered":"\n<main class=\"wp-block-group alignfull site-content has-background has-global-padding is-layout-constrained wp-block-group-is-layout-constrained\" style=\"background:linear-gradient(180deg,rgb(14,21,31) 0%,rgb(14,21,31) 73%,rgb(249,250,253) 73%,rgb(249,250,253) 100%);margin-top:0\">\n<div class=\"wp-block-cover alignfull\"><span aria-hidden=\"true\" class=\"wp-block-cover__background has-secondary-background-color has-background-dim-60 has-background-dim\"><\/span><img decoding=\"async\" class=\"wp-block-cover__image-background wp-image-5614\" alt=\"\" src=\"https:\/\/emgruppen.com\/wp-content\/themes\/uniblock\/assets\/images\/Rectangle-49.png\" data-object-fit=\"cover\"\/><div class=\"wp-block-cover__inner-container is-layout-flow wp-block-cover-is-layout-flow\">\n<div class=\"wp-block-group is-style-default has-global-padding is-layout-constrained wp-block-group-is-layout-constrained\">\n<div style=\"height:88px\" aria-hidden=\"true\" class=\"wp-block-spacer\"><\/div>\n\n\n\n<h1 class=\"wp-block-heading has-white-color has-text-color has-max-48-font-size\">About us<\/h1>\n\n\n\n<div style=\"height:63px\" aria-hidden=\"true\" class=\"wp-block-spacer\"><\/div>\n<\/div>\n<\/div><\/div>\n<\/main>\n\n\n\n<div class=\"wp-block-group has-global-padding is-layout-constrained wp-block-group-is-layout-constrained\">\n<div class=\"wp-block-group is-layout-flow wp-block-group-is-layout-flow\">\n<div style=\"height:100px\" aria-hidden=\"true\" class=\"wp-block-spacer\"><\/div>\n\n\n\n<h3 class=\"wp-block-heading\">About EM Gruppen<\/h3>\n\n\n\n<p>Welcome to EM Gruppen; for your comprehensive web design and marketing company that makes your vision come through. At EM Gruppen, creativity, together with technology and strategy are used to provide our clients with brilliant web solutions and marketing solutions needed to enhance the performance of your business.<\/p>\n\n\n\n<p><strong>Who We Are<br><\/strong>We are a web design and development company combined with digital marketing which consist of professionals and experts. Our purpose is to help companies and organizations to build websites that not only attract people\u2019s attention and look great but also are easy to navigate and bring profits. For years now, we have been in the industry and we have acquired proficiency in all the aspects of digital phenomena, we ensure that we deliver quality services in all our undertakings.<\/p>\n\n\n\n<p><strong>What We Do<br>Web Design and Development<\/strong>: We build unique websites which are not only beautiful in look but also easy to navigate and are compatible. Based on our research of both UX literature and web user experience, our designing philosophy revolves around the notion of user experience across various devices, and how easily one can interact with it.<\/p>\n\n\n\n<p><strong>Digital Marketing<\/strong>: Some of the core online sales and marketing solutions, which we offer are search engine optimization, content marketing, social media marketing, and pay-per-click (ppc) adverting. We provide sophisticated yet strategic ways on how to achieve better online marketing techniques to drive more traffic to your site and ultimately, get more clients.<\/p>\n\n\n\n<p><strong>Branding and Identity<\/strong>: Our firm assists companies create effective and long-lasting brands that consumers will never forget. Brand Identity consists of the company logo, the formation of the entire brand\u2019s face, its personality, what it stands for to the people we have marked as our target market.<\/p>\n\n\n\n<p> Our Approach<br>This lies with the fact that at EM Gruppen we are more of a team. Thus it is a pleasure for me to work with the clients and acknowledge their goals, difficulties, and visions. This cooperation guarantees that you will get the solutions that meet your business goals and needs to the letter. We are efficient in our procedures, and as such, engage and update you on the progress of the project right from the onset to the actualization and subsequent stages.<\/p>\n\n\n\n<p>You are welcome to make EM Gruppen your trusted web company, like many other satified clients who have benefited from the company\u2019s web services. Allow us to build a captivating digital experience that puts you a step ahead of others in the market.<\/p>\n\n\n\n<div class=\"wp-block-columns is-layout-flex wp-container-core-columns-is-layout-28f84493 wp-block-columns-is-layout-flex\">\n<div class=\"wp-block-column is-layout-flow wp-block-column-is-layout-flow\">\n<p class=\"has-text-align-left has-primary-color has-text-color\">WHERE ARE WE LOCATED<\/p>\n\n\n\n<h2 class=\"wp-block-heading has-text-align-left has-max-48-font-size\">Our Location<\/h2>\n\n\n\n<div class=\"wp-block-columns is-layout-flex wp-container-core-columns-is-layout-28f84493 wp-block-columns-is-layout-flex\">\n<div class=\"wp-block-column is-layout-flow wp-block-column-is-layout-flow\">\n<p style=\"line-height:2.5\">Denmark<\/p>\n\n\n\n<p style=\"line-height:2.5\">United Kingdom<\/p>\n\n\n\n<p>Albania<\/p>\n\n\n\n<p>Italy<\/p>\n<\/div>\n<\/div>\n<\/div>\n\n\n\n<div class=\"wp-block-column is-layout-flow wp-block-column-is-layout-flow\">\n<figure class=\"wp-block-image size-large\"><img loading=\"lazy\" decoding=\"async\" width=\"1024\" height=\"585\" src=\"https:\/\/emgruppen.com\/wp-content\/uploads\/2023\/05\/Picsart_23-05-14_14-40-09-406-1024x585.png\" alt=\"Our locations\" class=\"wp-image-196\" srcset=\"https:\/\/emgruppen.com\/wp-content\/uploads\/2023\/05\/Picsart_23-05-14_14-40-09-406-1024x585.png 1024w, https:\/\/emgruppen.com\/wp-content\/uploads\/2023\/05\/Picsart_23-05-14_14-40-09-406-600x343.png 600w, https:\/\/emgruppen.com\/wp-content\/uploads\/2023\/05\/Picsart_23-05-14_14-40-09-406-300x171.png 300w, https:\/\/emgruppen.com\/wp-content\/uploads\/2023\/05\/Picsart_23-05-14_14-40-09-406-768x439.png 768w, https:\/\/emgruppen.com\/wp-content\/uploads\/2023\/05\/Picsart_23-05-14_14-40-09-406-1536x878.png 1536w, https:\/\/emgruppen.com\/wp-content\/uploads\/2023\/05\/Picsart_23-05-14_14-40-09-406-2048x1170.png 2048w\" sizes=\"auto, (max-width: 1024px) 100vw, 1024px\" \/><\/figure>\n<\/div>\n<\/div>\n\n\n\n<div class=\"wp-block-group has-global-padding is-layout-constrained wp-block-group-is-layout-constrained\">\n<div style=\"height:100px\" aria-hidden=\"true\" class=\"wp-block-spacer\"><\/div>\n\n\n\n<p class=\"has-primary-color has-text-color\">HOW WE DO<\/p>\n\n\n\n<div class=\"wp-block-columns is-layout-flex wp-container-core-columns-is-layout-28f84493 wp-block-columns-is-layout-flex\">\n<div class=\"wp-block-column is-layout-flow wp-block-column-is-layout-flow\" style=\"flex-basis:50%\">\n<h2 class=\"wp-block-heading has-max-48-font-size\">We trust our work <br>process<\/h2>\n<\/div>\n\n\n\n<div class=\"wp-block-column is-layout-flow wp-block-column-is-layout-flow\" style=\"flex-basis:50%\">\n<div class=\"wp-block-buttons is-content-justification-right is-layout-flex wp-container-core-buttons-is-layout-d445cf74 wp-block-buttons-is-layout-flex\">\n<div class=\"wp-block-button\"><a class=\"wp-block-button__link wp-element-button\" href=\"mailto:info@emgruppen.com\" style=\"border-radius:4px\">Get a free quote<\/a><\/div>\n<\/div>\n<\/div>\n<\/div>\n\n\n\n<div style=\"height:100px\" aria-hidden=\"true\" class=\"wp-block-spacer\"><\/div>\n\n\n\n<div style=\"height:0px\" aria-hidden=\"true\" class=\"wp-block-spacer\"><\/div>\n\n\n\n<div class=\"wp-block-columns is-layout-flex wp-container-core-columns-is-layout-28f84493 wp-block-columns-is-layout-flex\">\n<div class=\"wp-block-column is-style-default is-layout-flow wp-block-column-is-layout-flow\" style=\"border-style:none;border-width:0px;padding-top:0;padding-right:0;padding-bottom:0;padding-left:0\">\n<p class=\"has-primary-color has-text-color has-large-font-size\">1.<\/p>\n\n\n\n<hr class=\"wp-block-separator has-text-color has-alpha-channel-opacity has-background is-style-wide\" style=\"background-color:#6d6d7852;color:#6d6d7852\"\/>\n\n\n\n<h2 class=\"wp-block-heading\">A good design<\/h2>\n\n\n\n<p>First and foremost, we think that, of course, it is very important to have a good appearance and a good design of a website to attract and to keep clients. Having a professional and dedicated team of designers and developers ensures that the websites we develop in simple to navigate and attractive to users. The design is also done, such that the website meets the current accessibility standards and guidelines \u2013 users are therefore not confronted with any difficulty as they try to get to different parts of the website. This, in turn, results in high levels of \u2018findability\u2019 on the internet and higher conversion ratios.<\/p>\n<\/div>\n\n\n\n<div class=\"wp-block-column is-style-default is-layout-flow wp-block-column-is-layout-flow\" style=\"border-style:none;border-width:0px;padding-top:0;padding-right:0;padding-bottom:0;padding-left:0\">\n<p class=\"has-primary-color has-text-color has-large-font-size\">2.<\/p>\n\n\n\n<hr class=\"wp-block-separator has-text-color has-alpha-channel-opacity has-background is-style-wide\" style=\"background-color:#6d6d7869;color:#6d6d7869\"\/>\n\n\n\n<h2 class=\"wp-block-heading\">Be found <\/h2>\n\n\n\n<p>By hiring our SEO specialists, you get keen market researches of appropriate keywords to be utilized as well as the necessary SEO modification in your site. We also apply on page and off page SEO techniques to ensure that your website gains better placement on different SERPs thus increased visitors\u2019 traffic and leads. Through SEO services, we ensure that we increase your website\u2019s ranking, organic traffic, and high quality leads.<\/p>\n<\/div>\n\n\n\n<div class=\"wp-block-column is-style-default is-layout-flow wp-block-column-is-layout-flow\" style=\"border-style:none;border-width:0px;padding-top:0;padding-right:0;padding-bottom:0;padding-left:0\">\n<p class=\"has-primary-color has-text-color has-large-font-size\">3.<\/p>\n\n\n\n<hr class=\"wp-block-separator has-text-color has-alpha-channel-opacity has-background is-style-wide\" style=\"background-color:#6d6d787a;color:#6d6d787a\"\/>\n\n\n\n<h2 class=\"wp-block-heading\">Social media growth<\/h2>\n\n\n\n<p>It involves creating and implementing comprehensive yet streamlined digital marketing plans that reflect your brand and objectives. The social media management services provided will keep your social media feeds lively, useful, and directing potential clients back to your. The emails that we utilize for promotion are created to build the interest of the potential customers and compel them to buy our products while our PPC Advertising services are perfect for the quick lead and sales generation.<\/p>\n<\/div>\n<\/div>\n<\/div>\n\n\n\n<div style=\"height:100px\" aria-hidden=\"true\" class=\"wp-block-spacer\"><\/div>\n\n\n\n<div class=\"wp-block-columns is-layout-flex wp-container-core-columns-is-layout-28f84493 wp-block-columns-is-layout-flex\">\n<div class=\"wp-block-column is-layout-flow wp-block-column-is-layout-flow\">\n<p class=\"has-text-align-left has-primary-color has-text-color\">OTHER SERVICES<\/p>\n\n\n\n<h2 class=\"wp-block-heading has-text-align-left has-max-48-font-size\"><a href=\"https:\/\/brolaegger.emgruppen.com\/\">Brol\u00e6gger EM Gruppen<\/a><\/h2>\n\n\n\n<div class=\"wp-block-columns is-layout-flex wp-container-core-columns-is-layout-28f84493 wp-block-columns-is-layout-flex\">\n<div class=\"wp-block-column is-layout-flow wp-block-column-is-layout-flow\">\n<p><strong>Kvalitets bel\u00e6gning til overkommelige priser<\/strong><\/p>\n\n\n\n<p><strong>Brol\u00e6gger EM Gruppen \u2013 Vi forst\u00e5r vigtigheden i at levere holdbare l\u00f8sninger til vores kunder. Vores services er skr\u00e6ddersyede til at passe ind i netop dit budget, uden at skulle g\u00e5 p\u00e5 kompromis med kvaliteten.&nbsp;<\/strong><\/p>\n\n\n\n<p><a href=\"https:\/\/brolaegger.emgruppen.com\/\">Learn more<\/a><\/p>\n<\/div>\n<\/div>\n<\/div>\n\n\n\n<div class=\"wp-block-column is-layout-flow wp-block-column-is-layout-flow\">\n<figure class=\"wp-block-image size-large\"><img loading=\"lazy\" decoding=\"async\" width=\"5000\" height=\"3125\" src=\"https:\/\/emgruppen.com\/wp-content\/uploads\/2023\/10\/EM-Gruppen-edited.png\" alt=\"\" class=\"wp-image-617\" srcset=\"https:\/\/emgruppen.com\/wp-content\/uploads\/2023\/10\/EM-Gruppen-edited.png 5000w, https:\/\/emgruppen.com\/wp-content\/uploads\/2023\/10\/EM-Gruppen-edited-300x188.png 300w, https:\/\/emgruppen.com\/wp-content\/uploads\/2023\/10\/EM-Gruppen-edited-1024x640.png 1024w, https:\/\/emgruppen.com\/wp-content\/uploads\/2023\/10\/EM-Gruppen-edited-768x480.png 768w, https:\/\/emgruppen.com\/wp-content\/uploads\/2023\/10\/EM-Gruppen-edited-1536x960.png 1536w, https:\/\/emgruppen.com\/wp-content\/uploads\/2023\/10\/EM-Gruppen-edited-2048x1280.png 2048w, https:\/\/emgruppen.com\/wp-content\/uploads\/2023\/10\/EM-Gruppen-edited-600x375.png 600w\" sizes=\"auto, (max-width: 5000px) 100vw, 5000px\" \/><\/figure>\n<\/div>\n<\/div>\n\n\n\n<hr class=\"wp-block-separator has-text-color has-lightgrey-color has-alpha-channel-opacity has-lightgrey-background-color has-background is-style-wide\"\/>\n\n\n\n<div class=\"wp-block-columns is-layout-flex wp-container-core-columns-is-layout-4ed999c3 wp-block-columns-is-layout-flex\" style=\"padding-top:var(--wp--preset--spacing--60);padding-bottom:var(--wp--preset--spacing--60);padding-left:0\">\n<div class=\"wp-block-column is-vertically-aligned-center has-global-padding is-content-justification-left is-layout-constrained wp-container-core-column-is-layout-12dd3699 wp-block-column-is-layout-constrained\" style=\"flex-basis:66.66%\">\n<h2 class=\"wp-block-heading\">Thinking about joining our team?<\/h2>\n\n\n\n<p>Check out our open positions, or drop us a line, say hi.<\/p>\n<\/div>\n\n\n\n<div class=\"wp-block-column is-layout-flow wp-block-column-is-layout-flow\" style=\"flex-basis:33.33%\">\n<div class=\"wp-block-buttons is-content-justification-right is-layout-flex wp-container-core-buttons-is-layout-d445cf74 wp-block-buttons-is-layout-flex\">\n<div class=\"wp-block-button\"><a class=\"wp-block-button__link has-primary-background-color has-background wp-element-button\" href=\"https:\/\/emgruppen.com\/index.php\/job-openings\/\" style=\"border-radius:4px\">View Job Openings<\/a><\/div>\n<\/div>\n<\/div>\n<\/div>\n<\/div>\n<\/div>\n\n\n\n<div style=\"height:50px\" aria-hidden=\"true\" class=\"wp-block-spacer\"><\/div>\n\n\n\n<h2 class=\"wp-block-heading\">Contact us with your requests!<\/h2>\n\n\n<div class=\"frm_forms  with_frm_style frm_style_formidable-style\" id=\"frm_form_3_container\" data-token=\"bce21403ecb437d65de080dabc4b16f8\">\n<form enctype=\"multipart\/form-data\" method=\"post\" class=\"frm-show-form \" id=\"form_emgruppen\" data-token=\"bce21403ecb437d65de080dabc4b16f8\">\n<div class=\"frm_form_fields \">\n<fieldset>\n<legend class=\"frm_screen_reader\">Contact<\/legend>\r\n\r\n<div class=\"frm_fields_container\">\n<input type=\"hidden\" name=\"frm_action\" value=\"create\" \/>\n<input type=\"hidden\" name=\"form_id\" value=\"3\" \/>\n<input type=\"hidden\" name=\"frm_hide_fields_3\" id=\"frm_hide_fields_3\" value=\"\" \/>\n<input type=\"hidden\" name=\"form_key\" value=\"emgruppen\" \/>\n<input type=\"hidden\" name=\"item_meta[0]\" value=\"\" \/>\n<input type=\"hidden\" id=\"frm_submit_entry_3\" name=\"frm_submit_entry_3\" value=\"30a653d200\" \/><input type=\"hidden\" name=\"_wp_http_referer\" value=\"\/index.php\/wp-json\/wp\/v2\/pages\/60\" \/><div id=\"frm_field_12_container\" class=\"frm_form_field form-field  frm_required_field frm_top_container frm12 frm_first\">\r\n    <label for=\"field_qh4icy3\" id=\"field_qh4icy3_label\" class=\"frm_primary_label\">Name\r\n        <span class=\"frm_required\" aria-hidden=\"true\">*<\/span>\r\n    <\/label>\r\n    <input type=\"text\" id=\"field_qh4icy3\" name=\"item_meta[12]\" value=\"\"  data-reqmsg=\"Name cannot be blank.\" aria-required=\"true\" data-invmsg=\"Name is invalid\" aria-invalid=\"false\"  \/>\r\n    \r\n    \r\n<\/div>\n<div id=\"frm_field_13_container\" class=\"frm_form_field form-field  frm_required_field frm_top_container frm_full\">\r\n    <label for=\"field_29yf4d3\" id=\"field_29yf4d3_label\" class=\"frm_primary_label\">Email\r\n        <span class=\"frm_required\" aria-hidden=\"true\">*<\/span>\r\n    <\/label>\r\n    <input type=\"email\" id=\"field_29yf4d3\" name=\"item_meta[13]\" value=\"\"  data-reqmsg=\"Email cannot be blank.\" aria-required=\"true\" data-invmsg=\"Please enter a valid email address\" aria-invalid=\"false\"  \/>\r\n    \r\n    \r\n<\/div>\n<div id=\"frm_field_14_container\" class=\"frm_form_field form-field  frm_required_field frm_top_container frm_full\">\r\n    <label for=\"field_9jv0r13\" id=\"field_9jv0r13_label\" class=\"frm_primary_label\">Describe your request\r\n        <span class=\"frm_required\" aria-hidden=\"true\">*<\/span>\r\n    <\/label>\r\n    <textarea name=\"item_meta[14]\" id=\"field_9jv0r13\" rows=\"5\"  data-reqmsg=\"Describe your request cannot be blank.\" aria-required=\"true\" data-invmsg=\"Describe your request is invalid\" aria-invalid=\"false\"  ><\/textarea>\r\n    \r\n    \r\n<\/div>\n<div id=\"frm_field_16_container\" class=\"frm_form_field form-field \">\r\n\t<div class=\"frm_submit\">\r\n\r\n<button class=\"frm_button_submit\" type=\"submit\"  >Submit<\/button>\r\n\r\n\r\n<\/div>\r\n<\/div>\n\t<input type=\"hidden\" name=\"item_key\" value=\"\" \/>\n\t\t\t<div id=\"frm_field_23_container\">\n\t\t\t<label for=\"field_fhpjs\" >\n\t\t\t\tIf you are human, leave this field blank.\t\t\t<\/label>\n\t\t\t<input  id=\"field_fhpjs\" type=\"text\" class=\"frm_form_field form-field frm_verify\" name=\"item_meta[23]\" value=\"\"  \/>\n\t\t<\/div>\n\t\t<input name=\"frm_state\" type=\"hidden\" value=\"7wxJhysMtdb4Px1cO7sp0o8A5+nlE7tNMQ+avpbzdTo=\" \/><\/div>\n<\/fieldset>\n<\/div>\n\n<\/form>\n<\/div>\n","protected":false},"excerpt":{"rendered":"<p>About EM Gruppen Welcome to EM Gruppen; for your comprehensive web design and marketing company that makes your vision come through. At EM Gruppen, creativity, together with technology and strategy are used to provide our clients with brilliant web solutions and marketing solutions needed to enhance the performance of your business. Who We AreWe are [&hellip;]<\/p>\n","protected":false},"author":1,"featured_media":0,"parent":0,"menu_order":0,"comment_status":"closed","ping_status":"closed","template":"","meta":{"give_campaign_id":0,"om_disable_all_campaigns":false,"_uf_show_specific_survey":0,"_uf_disable_surveys":false,"footnotes":""},"class_list":["post-60","page","type-page","status-publish","hentry"],"aioseo_notices":[],"campaignId":"","_links":{"self":[{"href":"https:\/\/emgruppen.com\/index.php\/wp-json\/wp\/v2\/pages\/60","targetHints":{"allow":["GET"]}}],"collection":[{"href":"https:\/\/emgruppen.com\/index.php\/wp-json\/wp\/v2\/pages"}],"about":[{"href":"https:\/\/emgruppen.com\/index.php\/wp-json\/wp\/v2\/types\/page"}],"author":[{"embeddable":true,"href":"https:\/\/emgruppen.com\/index.php\/wp-json\/wp\/v2\/users\/1"}],"replies":[{"embeddable":true,"href":"https:\/\/emgruppen.com\/index.php\/wp-json\/wp\/v2\/comments?post=60"}],"version-history":[{"count":0,"href":"https:\/\/emgruppen.com\/index.php\/wp-json\/wp\/v2\/pages\/60\/revisions"}],"wp:attachment":[{"href":"https:\/\/emgruppen.com\/index.php\/wp-json\/wp\/v2\/media?parent=60"}],"curies":[{"name":"wp","href":"https:\/\/api.w.org\/{rel}","templated":true}]}}